{"id":19959,"date":"2023-01-03T11:15:44","date_gmt":"2023-01-03T10:15:44","guid":{"rendered":"https:\/\/porevit.eu\/?post_type=product&#038;p=19959"},"modified":"2024-06-05T11:22:52","modified_gmt":"2024-06-05T10:22:52","slug":"leiter-fuer-gleichgewicht-und-koordination","status":"publish","type":"product","link":"https:\/\/porevit.eu\/de\/produkt\/leiter-fuer-gleichgewicht-und-koordination\/","title":{"rendered":"Leiter f\u00fcr Gleichgewicht und Koordination"},"content":{"rendered":"<p style=\"font-weight: 400;\">Die Leiter ist ein effektives Werkzeug zur Entwicklung von Gleichgewichtsf\u00e4higkeiten, St\u00e4rkung der Bein- und Fu\u00dfmuskulatur. Neben dem Gleichgewicht werden auch Koordination und Bewegungsgenauigkeit entwickelt. Sie kann alleine oder in Kombination mit einem Sprossenwand oder einer Box verwendet werden.<\/p>\n<p style=\"font-weight: 400;\">Ma\u00dfe: Breite 35 cm, L\u00e4nge 250 cm.<\/p>\n","protected":false},"excerpt":{"rendered":"<p style=\"font-weight: 400;\">Die Leiter ist ein effektives Werkzeug zur Entwicklung von Gleichgewichtsf\u00e4higkeiten, St\u00e4rkung der Bein- und Fu\u00dfmuskulatur. Neben dem Gleichgewicht werden auch Koordination und Bewegungsgenauigkeit entwickelt. Sie kann alleine oder in Kombination mit einem Sprossenwand oder einer Box verwendet werden.<\/p>\n<p style=\"font-weight: 400;\">Ma\u00dfe: Breite 35 cm, L\u00e4nge 250 cm.<\/p>\n","protected":false},"featured_media":19708,"comment_status":"closed","ping_status":"closed","template":"","meta":[],"product_cat":[250],"product_tag":[],"class_list":{"0":"post-19959","1":"product","2":"type-product","3":"status-publish","4":"has-post-thumbnail","6":"product_cat-schulen-und-kindergaerten","8":"first","9":"instock","10":"shipping-taxable","11":"product-type-simple"},"aioseo_notices":[],"_links":{"self":[{"href":"https:\/\/porevit.eu\/de\/wp-json\/wp\/v2\/product\/19959","targetHints":{"allow":["GET"]}}],"collection":[{"href":"https:\/\/porevit.eu\/de\/wp-json\/wp\/v2\/product"}],"about":[{"href":"https:\/\/porevit.eu\/de\/wp-json\/wp\/v2\/types\/product"}],"replies":[{"embeddable":true,"href":"https:\/\/porevit.eu\/de\/wp-json\/wp\/v2\/comments?post=19959"}],"wp:featuredmedia":[{"embeddable":true,"href":"https:\/\/porevit.eu\/de\/wp-json\/wp\/v2\/media\/19708"}],"wp:attachment":[{"href":"https:\/\/porevit.eu\/de\/wp-json\/wp\/v2\/media?parent=19959"}],"wp:term":[{"taxonomy":"product_cat","embeddable":true,"href":"https:\/\/porevit.eu\/de\/wp-json\/wp\/v2\/product_cat?post=19959"},{"taxonomy":"product_tag","embeddable":true,"href":"https:\/\/porevit.eu\/de\/wp-json\/wp\/v2\/product_tag?post=19959"}],"curies":[{"name":"wp","href":"https:\/\/api.w.org\/{rel}","templated":true}]}}