{"id":19957,"date":"2023-01-03T11:20:22","date_gmt":"2023-01-03T10:20:22","guid":{"rendered":"https:\/\/porevit.eu\/?post_type=product&#038;p=19957"},"modified":"2024-06-05T11:24:48","modified_gmt":"2024-06-05T10:24:48","slug":"gymnastikmatten","status":"publish","type":"product","link":"https:\/\/porevit.eu\/de\/produkt\/gymnastikmatten\/","title":{"rendered":"Gymnastikmatten"},"content":{"rendered":"<p style=\"font-weight: 400;\">\u00a0Material: Die F\u00fcllung besteht aus geschlossenporigem Propylen, der Bezug der Matte ist aus Kunstleder und hat eine rutschfeste Unterseite.<\/p>\n<p style=\"font-weight: 400;\">Abmessungen: 164 x 62 x 4 cm, geeignet f\u00fcr die Grundausstattung an Sprossenw\u00e4nden oder Sprossenw\u00e4nden mit Neigung.<\/p>\n","protected":false},"excerpt":{"rendered":"<p style=\"font-weight: 400;\">\u00a0Material: Die F\u00fcllung besteht aus geschlossenporigem Propylen, der Bezug der Matte ist aus Kunstleder und hat eine rutschfeste Unterseite.<\/p>\n<p style=\"font-weight: 400;\">Abmessungen: 164 x 62 x 4 cm, geeignet f\u00fcr die Grundausstattung an Sprossenw\u00e4nden oder Sprossenw\u00e4nden mit Neigung.<\/p>\n","protected":false},"featured_media":19675,"comment_status":"closed","ping_status":"closed","template":"","meta":[],"product_cat":[249],"product_tag":[],"class_list":{"0":"post-19957","1":"product","2":"type-product","3":"status-publish","4":"has-post-thumbnail","6":"product_cat-sporthallen","8":"first","9":"instock","10":"shipping-taxable","11":"product-type-simple"},"aioseo_notices":[],"_links":{"self":[{"href":"https:\/\/porevit.eu\/de\/wp-json\/wp\/v2\/product\/19957","targetHints":{"allow":["GET"]}}],"collection":[{"href":"https:\/\/porevit.eu\/de\/wp-json\/wp\/v2\/product"}],"about":[{"href":"https:\/\/porevit.eu\/de\/wp-json\/wp\/v2\/types\/product"}],"replies":[{"embeddable":true,"href":"https:\/\/porevit.eu\/de\/wp-json\/wp\/v2\/comments?post=19957"}],"wp:featuredmedia":[{"embeddable":true,"href":"https:\/\/porevit.eu\/de\/wp-json\/wp\/v2\/media\/19675"}],"wp:attachment":[{"href":"https:\/\/porevit.eu\/de\/wp-json\/wp\/v2\/media?parent=19957"}],"wp:term":[{"taxonomy":"product_cat","embeddable":true,"href":"https:\/\/porevit.eu\/de\/wp-json\/wp\/v2\/product_cat?post=19957"},{"taxonomy":"product_tag","embeddable":true,"href":"https:\/\/porevit.eu\/de\/wp-json\/wp\/v2\/product_tag?post=19957"}],"curies":[{"name":"wp","href":"https:\/\/api.w.org\/{rel}","templated":true}]}}