{"id":19951,"date":"2023-01-03T11:30:21","date_gmt":"2023-01-03T10:30:21","guid":{"rendered":"https:\/\/porevit.eu\/?post_type=product&#038;p=19951"},"modified":"2023-03-06T14:13:15","modified_gmt":"2023-03-06T13:13:15","slug":"sprungkasten","status":"publish","type":"product","link":"https:\/\/porevit.eu\/de\/produkt\/sprungkasten\/","title":{"rendered":"Sprungkasten"},"content":{"rendered":"<p style=\"font-weight: 400;\">Der Sprungkasten ist in 5- oder 6-teiliger Ausf\u00fchrung erh\u00e4ltlich. Im unteren Segment ist eine Transportausr\u00fcstung integriert.<\/p>\n<p style=\"font-weight: 400;\">Material: Sperrholz aus Birke. Der Deckel besteht aus elastischem Schaumstoff, der mit Kunstleder bezogen ist.<\/p>\n<p style=\"font-weight: 400;\">Abmessungen: Breite 50 cm, L\u00e4nge 150 cm, H\u00f6he 110 cm.<\/p>\n","protected":false},"excerpt":{"rendered":"<p style=\"font-weight: 400;\">Der Sprungkasten ist in 5- oder 6-teiliger Ausf\u00fchrung erh\u00e4ltlich. Im unteren Segment ist eine Transportausr\u00fcstung integriert.<\/p>\n<p style=\"font-weight: 400;\">Material: Sperrholz aus Birke. Der Deckel besteht aus elastischem Schaumstoff, der mit Kunstleder bezogen ist.<\/p>\n<p style=\"font-weight: 400;\">Abmessungen: Breite 50 cm, L\u00e4nge 150 cm, H\u00f6he 110 cm.<\/p>\n","protected":false},"featured_media":19699,"comment_status":"closed","ping_status":"closed","template":"","meta":[],"product_cat":[249],"product_tag":[],"class_list":{"0":"post-19951","1":"product","2":"type-product","3":"status-publish","4":"has-post-thumbnail","6":"product_cat-sporthallen","8":"first","9":"instock","10":"shipping-taxable","11":"product-type-simple"},"aioseo_notices":[],"_links":{"self":[{"href":"https:\/\/porevit.eu\/de\/wp-json\/wp\/v2\/product\/19951","targetHints":{"allow":["GET"]}}],"collection":[{"href":"https:\/\/porevit.eu\/de\/wp-json\/wp\/v2\/product"}],"about":[{"href":"https:\/\/porevit.eu\/de\/wp-json\/wp\/v2\/types\/product"}],"replies":[{"embeddable":true,"href":"https:\/\/porevit.eu\/de\/wp-json\/wp\/v2\/comments?post=19951"}],"wp:featuredmedia":[{"embeddable":true,"href":"https:\/\/porevit.eu\/de\/wp-json\/wp\/v2\/media\/19699"}],"wp:attachment":[{"href":"https:\/\/porevit.eu\/de\/wp-json\/wp\/v2\/media?parent=19951"}],"wp:term":[{"taxonomy":"product_cat","embeddable":true,"href":"https:\/\/porevit.eu\/de\/wp-json\/wp\/v2\/product_cat?post=19951"},{"taxonomy":"product_tag","embeddable":true,"href":"https:\/\/porevit.eu\/de\/wp-json\/wp\/v2\/product_tag?post=19951"}],"curies":[{"name":"wp","href":"https:\/\/api.w.org\/{rel}","templated":true}]}}