{"id":19949,"date":"2023-01-03T11:35:43","date_gmt":"2023-01-03T10:35:43","guid":{"rendered":"https:\/\/porevit.eu\/?post_type=product&#038;p=19949"},"modified":"2024-06-05T11:27:58","modified_gmt":"2024-06-05T10:27:58","slug":"schwebebalken","status":"publish","type":"product","link":"https:\/\/porevit.eu\/de\/produkt\/schwebebalken\/","title":{"rendered":"SCHWEBEBALKEN"},"content":{"rendered":"<p style=\"font-weight: 400;\">Der Schwebebalken besteht aus qualitativ hochwertigem, geleimtem Fichtenholz und einem stabilen Metallsockel. Mit einer L\u00e4nge von 390 cm und einer H\u00f6he von 40 cm bietet er ausreichend Platz f\u00fcr vielseitige \u00dcbungen zur Verbesserung des Gleichgewichts. Die Ma\u00dfe des Holzbalkens betragen 10&#215;13 cm.<\/p>\n","protected":false},"excerpt":{"rendered":"<p style=\"font-weight: 400;\">Der Schwebebalken besteht aus qualitativ hochwertigem, geleimtem Fichtenholz und einem stabilen Metallsockel. Mit einer L\u00e4nge von 390 cm und einer H\u00f6he von 40 cm bietet er ausreichend Platz f\u00fcr vielseitige \u00dcbungen zur Verbesserung des Gleichgewichts. Die Ma\u00dfe des Holzbalkens betragen 10&#215;13 cm.<\/p>\n","protected":false},"featured_media":19696,"comment_status":"closed","ping_status":"closed","template":"","meta":[],"product_cat":[249],"product_tag":[],"class_list":{"0":"post-19949","1":"product","2":"type-product","3":"status-publish","4":"has-post-thumbnail","6":"product_cat-sporthallen","8":"first","9":"instock","10":"shipping-taxable","11":"product-type-simple"},"aioseo_notices":[],"_links":{"self":[{"href":"https:\/\/porevit.eu\/de\/wp-json\/wp\/v2\/product\/19949","targetHints":{"allow":["GET"]}}],"collection":[{"href":"https:\/\/porevit.eu\/de\/wp-json\/wp\/v2\/product"}],"about":[{"href":"https:\/\/porevit.eu\/de\/wp-json\/wp\/v2\/types\/product"}],"replies":[{"embeddable":true,"href":"https:\/\/porevit.eu\/de\/wp-json\/wp\/v2\/comments?post=19949"}],"wp:featuredmedia":[{"embeddable":true,"href":"https:\/\/porevit.eu\/de\/wp-json\/wp\/v2\/media\/19696"}],"wp:attachment":[{"href":"https:\/\/porevit.eu\/de\/wp-json\/wp\/v2\/media?parent=19949"}],"wp:term":[{"taxonomy":"product_cat","embeddable":true,"href":"https:\/\/porevit.eu\/de\/wp-json\/wp\/v2\/product_cat?post=19949"},{"taxonomy":"product_tag","embeddable":true,"href":"https:\/\/porevit.eu\/de\/wp-json\/wp\/v2\/product_tag?post=19949"}],"curies":[{"name":"wp","href":"https:\/\/api.w.org\/{rel}","templated":true}]}}