{"id":19947,"date":"2023-01-03T11:40:06","date_gmt":"2023-01-03T10:40:06","guid":{"rendered":"https:\/\/porevit.eu\/?post_type=product&#038;p=19947"},"modified":"2024-06-05T11:26:03","modified_gmt":"2024-06-05T10:26:03","slug":"turnbank","status":"publish","type":"product","link":"https:\/\/porevit.eu\/de\/produkt\/turnbank\/","title":{"rendered":"Turnbank"},"content":{"rendered":"<p style=\"font-weight: 400;\">Die Turnbank ist aus hochwertigem Holz gefertigt und besticht durch ihre pr\u00e4zise Verarbeitung. Die obere Platte besteht aus verleimtem Fichtenholz und die Beine aus Birken-Sperrholz, was f\u00fcr eine hohe Stabilit\u00e4t und Langlebigkeit sorgt. Mit einer Breite von 27 cm und einer H\u00f6he von 35 cm bietet sie eine bequeme und sichere Trainingsfl\u00e4che. Das Grundmodell ist 350 cm lang, es gibt jedoch auch eine k\u00fcrzere Variante von 200 cm.<\/p>\n","protected":false},"excerpt":{"rendered":"<p style=\"font-weight: 400;\">Die Turnbank ist aus hochwertigem Holz gefertigt und besticht durch ihre pr\u00e4zise Verarbeitung. Die obere Platte besteht aus verleimtem Fichtenholz und die Beine aus Birken-Sperrholz, was f\u00fcr eine hohe Stabilit\u00e4t und Langlebigkeit sorgt. Mit einer Breite von 27 cm und einer H\u00f6he von 35 cm bietet sie eine bequeme und sichere Trainingsfl\u00e4che. Das Grundmodell ist 350 cm lang, es gibt jedoch auch eine k\u00fcrzere Variante von 200 cm.<\/p>\n","protected":false},"featured_media":19692,"comment_status":"closed","ping_status":"closed","template":"","meta":[],"product_cat":[249],"product_tag":[],"class_list":{"0":"post-19947","1":"product","2":"type-product","3":"status-publish","4":"has-post-thumbnail","6":"product_cat-sporthallen","8":"first","9":"instock","10":"shipping-taxable","11":"product-type-simple"},"aioseo_notices":[],"_links":{"self":[{"href":"https:\/\/porevit.eu\/de\/wp-json\/wp\/v2\/product\/19947","targetHints":{"allow":["GET"]}}],"collection":[{"href":"https:\/\/porevit.eu\/de\/wp-json\/wp\/v2\/product"}],"about":[{"href":"https:\/\/porevit.eu\/de\/wp-json\/wp\/v2\/types\/product"}],"replies":[{"embeddable":true,"href":"https:\/\/porevit.eu\/de\/wp-json\/wp\/v2\/comments?post=19947"}],"wp:featuredmedia":[{"embeddable":true,"href":"https:\/\/porevit.eu\/de\/wp-json\/wp\/v2\/media\/19692"}],"wp:attachment":[{"href":"https:\/\/porevit.eu\/de\/wp-json\/wp\/v2\/media?parent=19947"}],"wp:term":[{"taxonomy":"product_cat","embeddable":true,"href":"https:\/\/porevit.eu\/de\/wp-json\/wp\/v2\/product_cat?post=19947"},{"taxonomy":"product_tag","embeddable":true,"href":"https:\/\/porevit.eu\/de\/wp-json\/wp\/v2\/product_tag?post=19947"}],"curies":[{"name":"wp","href":"https:\/\/api.w.org\/{rel}","templated":true}]}}