{"id":19945,"date":"2023-01-03T11:45:25","date_gmt":"2023-01-03T10:45:25","guid":{"rendered":"https:\/\/porevit.eu\/?post_type=product&#038;p=19945"},"modified":"2023-03-06T14:13:15","modified_gmt":"2023-03-06T13:13:15","slug":"klappbare-klimmzugstange","status":"publish","type":"product","link":"https:\/\/porevit.eu\/de\/produkt\/klappbare-klimmzugstange\/","title":{"rendered":"Klappbare Klimmzugstange"},"content":{"rendered":"<p style=\"font-weight: 400;\">Klappbare Klimmzugstange wird f\u00fcr die Verwendung an Sprossenw\u00e4nder empfohlen. Durch die einfache und schnelle Befestigung an der Reckstange k\u00f6nnen vielf\u00e4ltige \u00dcbungen in der h\u00e4ngenden Position durchgef\u00fchrt werden. Der Griff aus Eschenholz ist in einen robusten Metallrahmen eingefasst und bietet somit eine stabile und sichere Basis f\u00fcr das Training.<\/p>\n","protected":false},"excerpt":{"rendered":"<p style=\"font-weight: 400;\">Klappbare Klimmzugstange wird f\u00fcr die Verwendung an Sprossenw\u00e4nder empfohlen. Durch die einfache und schnelle Befestigung an der Reckstange k\u00f6nnen vielf\u00e4ltige \u00dcbungen in der h\u00e4ngenden Position durchgef\u00fchrt werden. Der Griff aus Eschenholz ist in einen robusten Metallrahmen eingefasst und bietet somit eine stabile und sichere Basis f\u00fcr das Training.<\/p>\n","protected":false},"featured_media":19701,"comment_status":"closed","ping_status":"closed","template":"","meta":[],"product_cat":[249],"product_tag":[],"class_list":{"0":"post-19945","1":"product","2":"type-product","3":"status-publish","4":"has-post-thumbnail","6":"product_cat-sporthallen","8":"first","9":"instock","10":"shipping-taxable","11":"product-type-simple"},"aioseo_notices":[],"_links":{"self":[{"href":"https:\/\/porevit.eu\/de\/wp-json\/wp\/v2\/product\/19945","targetHints":{"allow":["GET"]}}],"collection":[{"href":"https:\/\/porevit.eu\/de\/wp-json\/wp\/v2\/product"}],"about":[{"href":"https:\/\/porevit.eu\/de\/wp-json\/wp\/v2\/types\/product"}],"replies":[{"embeddable":true,"href":"https:\/\/porevit.eu\/de\/wp-json\/wp\/v2\/comments?post=19945"}],"wp:featuredmedia":[{"embeddable":true,"href":"https:\/\/porevit.eu\/de\/wp-json\/wp\/v2\/media\/19701"}],"wp:attachment":[{"href":"https:\/\/porevit.eu\/de\/wp-json\/wp\/v2\/media?parent=19945"}],"wp:term":[{"taxonomy":"product_cat","embeddable":true,"href":"https:\/\/porevit.eu\/de\/wp-json\/wp\/v2\/product_cat?post=19945"},{"taxonomy":"product_tag","embeddable":true,"href":"https:\/\/porevit.eu\/de\/wp-json\/wp\/v2\/product_tag?post=19945"}],"curies":[{"name":"wp","href":"https:\/\/api.w.org\/{rel}","templated":true}]}}