{"id":19943,"date":"2023-01-03T11:50:49","date_gmt":"2023-01-03T10:50:49","guid":{"rendered":"https:\/\/porevit.eu\/?post_type=product&#038;p=19943"},"modified":"2023-03-06T14:13:15","modified_gmt":"2023-03-06T13:13:15","slug":"sprossenwand-basismodell","status":"publish","type":"product","link":"https:\/\/porevit.eu\/de\/produkt\/sprossenwand-basismodell\/","title":{"rendered":"Sprossenwand Basismodell"},"content":{"rendered":"<p style=\"font-weight: 400;\">Das Basismodell des Sprossenwand kann auch in der kleinsten Wohnung aufgestellt werden. Es erm\u00f6glicht uns verschiedene \u00dcbungen zur Verbesserung der Beweglichkeit, Flexibilit\u00e4t, R\u00fcckenkorrektur, Kraft\u00fcbungen durchzuf\u00fchren, insbesondere wenn es in Kombination mit einer klappbaren Klimmzugstange verwendet wird. In diesem Fall ist es f\u00fcr Kinder oder Erwachsene geeignet.<\/p>\n<p style=\"font-weight: 400;\">Material: Die ovalen Sprossen sind aus wei\u00dfer Esche gefertigt, die vertikalen St\u00fctzen sind aus Fichte.<\/p>\n<p style=\"font-weight: 400;\">Abmessungen: H\u00f6he 230 cm, Breite 68 cm.<\/p>\n<p style=\"font-weight: 400;\">Die Montage ist einfach. Metallhalterungen mit Schrauben sind im Lieferumfang enthalten.<\/p>\n","protected":false},"excerpt":{"rendered":"<p style=\"font-weight: 400;\">Das Basismodell des Sprossenwand kann auch in der kleinsten Wohnung aufgestellt werden. Es erm\u00f6glicht uns verschiedene \u00dcbungen zur Verbesserung der Beweglichkeit, Flexibilit\u00e4t, R\u00fcckenkorrektur, Kraft\u00fcbungen durchzuf\u00fchren, insbesondere wenn es in Kombination mit einer klappbaren Klimmzugstange verwendet wird. In diesem Fall ist es f\u00fcr Kinder oder Erwachsene geeignet.<\/p>\n<p style=\"font-weight: 400;\">Material: Die ovalen Sprossen sind aus wei\u00dfer Esche gefertigt, die vertikalen St\u00fctzen sind aus Fichte.<\/p>\n<p style=\"font-weight: 400;\">Abmessungen: H\u00f6he 230 cm, Breite 68 cm.<\/p>\n<p style=\"font-weight: 400;\">Die Montage ist einfach. Metallhalterungen mit Schrauben sind im Lieferumfang enthalten.<\/p>\n","protected":false},"featured_media":19720,"comment_status":"closed","ping_status":"closed","template":"","meta":[],"product_cat":[249],"product_tag":[],"class_list":{"0":"post-19943","1":"product","2":"type-product","3":"status-publish","4":"has-post-thumbnail","6":"product_cat-sporthallen","8":"first","9":"instock","10":"shipping-taxable","11":"product-type-simple"},"aioseo_notices":[],"_links":{"self":[{"href":"https:\/\/porevit.eu\/de\/wp-json\/wp\/v2\/product\/19943","targetHints":{"allow":["GET"]}}],"collection":[{"href":"https:\/\/porevit.eu\/de\/wp-json\/wp\/v2\/product"}],"about":[{"href":"https:\/\/porevit.eu\/de\/wp-json\/wp\/v2\/types\/product"}],"replies":[{"embeddable":true,"href":"https:\/\/porevit.eu\/de\/wp-json\/wp\/v2\/comments?post=19943"}],"wp:featuredmedia":[{"embeddable":true,"href":"https:\/\/porevit.eu\/de\/wp-json\/wp\/v2\/media\/19720"}],"wp:attachment":[{"href":"https:\/\/porevit.eu\/de\/wp-json\/wp\/v2\/media?parent=19943"}],"wp:term":[{"taxonomy":"product_cat","embeddable":true,"href":"https:\/\/porevit.eu\/de\/wp-json\/wp\/v2\/product_cat?post=19943"},{"taxonomy":"product_tag","embeddable":true,"href":"https:\/\/porevit.eu\/de\/wp-json\/wp\/v2\/product_tag?post=19943"}],"curies":[{"name":"wp","href":"https:\/\/api.w.org\/{rel}","templated":true}]}}