{"id":19941,"date":"2023-01-03T11:55:10","date_gmt":"2023-01-03T10:55:10","guid":{"rendered":"https:\/\/porevit.eu\/?post_type=product&#038;p=19941"},"modified":"2023-03-06T14:13:15","modified_gmt":"2023-03-06T13:13:15","slug":"sprossenwand-mit-neigung","status":"publish","type":"product","link":"https:\/\/porevit.eu\/de\/produkt\/sprossenwand-mit-neigung\/","title":{"rendered":"Sprossenwand mit Neigung"},"content":{"rendered":"<p>Dieses Modell der Sprossenwand bietet eine breite Palette an Verwendungsm\u00f6glichkeiten in der Physiotherapie, f\u00fcr Fitness und nat\u00fcrlich auch f\u00fcr das Training zuhause. Die oberen drei Sprossen sind geneigt, was das Training in h\u00e4ngender Position erleichtert. Die Sprossenw\u00e4nde haben sich als \u00e4u\u00dferst n\u00fctzlich und praktisch f\u00fcr das Training in allen Lebensphasen bew\u00e4hrt.<\/p>\n<p style=\"font-weight: 400;\">Maximale Belastbarkeit: 120 kg<\/p>\n<p style=\"font-weight: 400;\">Material: Die ovalen Sprossen sind aus robustem wei\u00dfem Eschenholz gefertigt, die St\u00fctzbalken sind aus Fichte.<\/p>\n<p style=\"font-weight: 400;\">Abmessungen: H\u00f6he 230 cm, Breite 68 cm.<\/p>\n<p>Die Montage gestaltet sich einfach und erfolgt mittels mitgelieferter Metallhalterungen und Schrauben.<\/p>\n","protected":false},"excerpt":{"rendered":"<p>Dieses Modell der Sprossenwand bietet eine breite Palette an Verwendungsm\u00f6glichkeiten in der Physiotherapie, f\u00fcr Fitness und nat\u00fcrlich auch f\u00fcr das Training zuhause. Die oberen drei Sprossen sind geneigt, was das Training in h\u00e4ngender Position erleichtert. Die Sprossenw\u00e4nde haben sich als \u00e4u\u00dferst n\u00fctzlich und praktisch f\u00fcr das Training in allen Lebensphasen bew\u00e4hrt.<\/p>\n<p style=\"font-weight: 400;\">Maximale Belastbarkeit: 120 kg<\/p>\n<p style=\"font-weight: 400;\">Material: Die ovalen Sprossen sind aus robustem wei\u00dfem Eschenholz gefertigt, die St\u00fctzbalken sind aus Fichte.<\/p>\n<p style=\"font-weight: 400;\">Abmessungen: H\u00f6he 230 cm, Breite 68 cm.<\/p>\n<p>Die Montage gestaltet sich einfach und erfolgt mittels mitgelieferter Metallhalterungen und Schrauben.<\/p>\n","protected":false},"featured_media":19721,"comment_status":"closed","ping_status":"closed","template":"","meta":[],"product_cat":[249],"product_tag":[],"class_list":{"0":"post-19941","1":"product","2":"type-product","3":"status-publish","4":"has-post-thumbnail","6":"product_cat-sporthallen","8":"first","9":"instock","10":"shipping-taxable","11":"product-type-simple"},"aioseo_notices":[],"_links":{"self":[{"href":"https:\/\/porevit.eu\/de\/wp-json\/wp\/v2\/product\/19941","targetHints":{"allow":["GET"]}}],"collection":[{"href":"https:\/\/porevit.eu\/de\/wp-json\/wp\/v2\/product"}],"about":[{"href":"https:\/\/porevit.eu\/de\/wp-json\/wp\/v2\/types\/product"}],"replies":[{"embeddable":true,"href":"https:\/\/porevit.eu\/de\/wp-json\/wp\/v2\/comments?post=19941"}],"wp:featuredmedia":[{"embeddable":true,"href":"https:\/\/porevit.eu\/de\/wp-json\/wp\/v2\/media\/19721"}],"wp:attachment":[{"href":"https:\/\/porevit.eu\/de\/wp-json\/wp\/v2\/media?parent=19941"}],"wp:term":[{"taxonomy":"product_cat","embeddable":true,"href":"https:\/\/porevit.eu\/de\/wp-json\/wp\/v2\/product_cat?post=19941"},{"taxonomy":"product_tag","embeddable":true,"href":"https:\/\/porevit.eu\/de\/wp-json\/wp\/v2\/product_tag?post=19941"}],"curies":[{"name":"wp","href":"https:\/\/api.w.org\/{rel}","templated":true}]}}