{"id":19939,"date":"2023-01-03T12:00:22","date_gmt":"2023-01-03T11:00:22","guid":{"rendered":"https:\/\/porevit.eu\/?post_type=product&#038;p=19939"},"modified":"2024-06-05T11:23:53","modified_gmt":"2024-06-05T10:23:53","slug":"sprossenwand","status":"publish","type":"product","link":"https:\/\/porevit.eu\/de\/produkt\/sprossenwand\/","title":{"rendered":"Sprossenwand"},"content":{"rendered":"<p style=\"font-weight: 400;\">Unsere erstklassigen Sprossenw\u00e4nde sind perfekt f\u00fcr das Training in Schulturnhallen oder die Installation in Sporthallen geeignet. In Kombination mit verschiedenen Artikeln wie Gymnastikmatten, Turnb\u00e4nken, Konsolstangen, Stretch-Seilen und vielem mehr bieten sie unbegrenzte M\u00f6glichkeiten f\u00fcr das Durchf\u00fchren von Gymnastik\u00fcbungen. Die Konstruktion ist \u00e4u\u00dferst robust und stabil, um eine optimale Leistung und Sicherheit zu gew\u00e4hrleisten.<\/p>\n<p style=\"font-weight: 400;\">Material: Die ovalen Stangen sind aus widerstandsf\u00e4higer wei\u00dfer Eiche gefertigt, w\u00e4hrend die Steher aus robustem verleimtem Holz bestehen. Mit einer H\u00f6he von 260cm und einer Breite von 90cm oder 100cm bieten unsere Produkte gen\u00fcgend Platz f\u00fcr vielseitige Anwendungen.<\/p>\n","protected":false},"excerpt":{"rendered":"<p style=\"font-weight: 400;\">Unsere erstklassigen Sprossenw\u00e4nde sind perfekt f\u00fcr das Training in Schulturnhallen oder die Installation in Sporthallen geeignet. In Kombination mit verschiedenen Artikeln wie Gymnastikmatten, Turnb\u00e4nken, Konsolstangen, Stretch-Seilen und vielem mehr bieten sie unbegrenzte M\u00f6glichkeiten f\u00fcr das Durchf\u00fchren von Gymnastik\u00fcbungen. Die Konstruktion ist \u00e4u\u00dferst robust und stabil, um eine optimale Leistung und Sicherheit zu gew\u00e4hrleisten.<\/p>\n<p style=\"font-weight: 400;\">Material: Die ovalen Stangen sind aus widerstandsf\u00e4higer wei\u00dfer Eiche gefertigt, w\u00e4hrend die Steher aus robustem verleimtem Holz bestehen. Mit einer H\u00f6he von 260cm und einer Breite von 90cm oder 100cm bieten unsere Produkte gen\u00fcgend Platz f\u00fcr vielseitige Anwendungen.<\/p>\n","protected":false},"featured_media":19719,"comment_status":"closed","ping_status":"closed","template":"","meta":[],"product_cat":[249],"product_tag":[],"class_list":{"0":"post-19939","1":"product","2":"type-product","3":"status-publish","4":"has-post-thumbnail","6":"product_cat-sporthallen","8":"first","9":"instock","10":"shipping-taxable","11":"product-type-simple"},"aioseo_notices":[],"_links":{"self":[{"href":"https:\/\/porevit.eu\/de\/wp-json\/wp\/v2\/product\/19939","targetHints":{"allow":["GET"]}}],"collection":[{"href":"https:\/\/porevit.eu\/de\/wp-json\/wp\/v2\/product"}],"about":[{"href":"https:\/\/porevit.eu\/de\/wp-json\/wp\/v2\/types\/product"}],"replies":[{"embeddable":true,"href":"https:\/\/porevit.eu\/de\/wp-json\/wp\/v2\/comments?post=19939"}],"wp:featuredmedia":[{"embeddable":true,"href":"https:\/\/porevit.eu\/de\/wp-json\/wp\/v2\/media\/19719"}],"wp:attachment":[{"href":"https:\/\/porevit.eu\/de\/wp-json\/wp\/v2\/media?parent=19939"}],"wp:term":[{"taxonomy":"product_cat","embeddable":true,"href":"https:\/\/porevit.eu\/de\/wp-json\/wp\/v2\/product_cat?post=19939"},{"taxonomy":"product_tag","embeddable":true,"href":"https:\/\/porevit.eu\/de\/wp-json\/wp\/v2\/product_tag?post=19939"}],"curies":[{"name":"wp","href":"https:\/\/api.w.org\/{rel}","templated":true}]}}